{"id":41,"date":"2021-10-04T15:36:00","date_gmt":"2021-10-04T13:36:00","guid":{"rendered":"http:\/\/www.dekaconsult.fr\/?page_id=41"},"modified":"2024-02-03T18:04:43","modified_gmt":"2024-02-03T17:04:43","slug":"nos-formations","status":"publish","type":"page","link":"https:\/\/www.dekaconsult.fr\/","title":{"rendered":"Nos services"},"content":{"rendered":"\n<p><strong>Vous \u00eates un Cabinet d&#8217;expertise-comptable, une TPE ou une PME, nous proposons \u00e0 vos collaborateurs des formations dans le domaine de la gestion de la paie du niveau d\u00e9butant au niveau expert. Mais aussi un accompagnement dans vos migrations de logiciels de paie, des conseils personnalis\u00e9s en mati\u00e8re de droit du travail, des conseils pour vos choix strat\u00e9giques et d&#8217;autres services en fonction de vos besoins.<br>N&#8217;h\u00e9sitez pas \u00e0 nous contacter.<\/strong><\/p>\n\n\n\n<h2>Formation nouveaut\u00e9s sociales 2023\/2024<\/h2>\n\n\n\n<p>Une journ\u00e9e d&#8217;actualit\u00e9s sociales : au programme de cette journ\u00e9e nous reviendrons sur la LRFSS 2023 et l&#8217;actualit\u00e9 sociale de 2023. Nous appr\u00e9henderons les nouveaut\u00e9s de la LFSS 2024.<img class=\"wp-image-172\" style=\"width: NaNpx;\" src=\"http:\/\/www.dekaconsult.fr\/wp-content\/uploads\/2024\/02\/programme-ACTU-BIEN-COMMENCER-2024-1.pdf\" alt=\"\"><\/p>\n\n\n\n<div class=\"wp-block-file\"><object class=\"wp-block-file__embed\" data=\"https:\/\/www.dekaconsult.fr\/wp-content\/uploads\/2024\/02\/programme-ACTU-BIEN-COMMENCER-2024-3.pdf\" type=\"application\/pdf\" style=\"width:100%;height:600px\" aria-label=\"Contenu embarqu\u00e9 programme-ACTU-BIEN-COMMENCER-2024-3.\"><\/object><a href=\"https:\/\/www.dekaconsult.fr\/wp-content\/uploads\/2024\/02\/programme-ACTU-BIEN-COMMENCER-2024-3.pdf\">programme-ACTU-BIEN-COMMENCER-2024-3<\/a><a href=\"https:\/\/www.dekaconsult.fr\/wp-content\/uploads\/2024\/02\/programme-ACTU-BIEN-COMMENCER-2024-3.pdf\" class=\"wp-block-file__button\" download>T\u00e9l\u00e9charger<\/a><\/div>\n\n\n\n<div class=\"wp-block-columns\">\n<div class=\"wp-block-column\" style=\"flex-basis:100%\"><\/div>\n<\/div>\n\n\n\n<h2>Accompagnement collaborateur junior<\/h2>\n\n\n\n<p>Vous int\u00e9grez un nouveau collaborateur ou stagiaire mais vous n&#8217;avez pas le temps de l&#8217;accompagner dans son apprentissage interne ?<\/p>\n\n\n\n<p>Nous vous proposons une mission qui consistera  \u00e0 suivre le collaborateur, le former, l&#8217;accompagner dans son organisation et lui donner les cl\u00e9s n\u00e9cessaires \u00e0 lui construire de solides bases dans son m\u00e9tier de gestionnaire de paie.<\/p>\n\n\n\n<p>Cette missions s&#8217;adaptera \u00e0 vos besoins en terme de dur\u00e9e, rythme d&#8217;intervention, domaines de comp\u00e9tences, etc.. N&#8217;h\u00e9sitez pas \u00e0 nous contacter pour \u00e9changer sur vos besoins et nos solutions !<\/p>\n\n\n\n<p>Devis sur demande, apr\u00e8s \u00e9tude des termes de la mission.<\/p>\n\n\n\n<h2>Formation nouveaut\u00e9s sociales 2022\/2023<\/h2>\n\n\n\n<p>Au cours de cette 1\/2 journ\u00e9e vous saurez mettre en application les nouveaut\u00e9s sociales de 2022 les plus impactantes et pourrez appr\u00e9hendez les nouveaut\u00e9s \u00e0 venir pour 2023 en toute s\u00e9r\u00e9nit\u00e9.<\/p>\n\n\n\n<div class=\"wp-block-file\"><object class=\"wp-block-file__embed\" data=\"http:\/\/www.dekaconsult.fr\/wp-content\/uploads\/2022\/11\/C1_i01-programme_formation_nouveautes2022-2023.pdf\" type=\"application\/pdf\" style=\"width:100%;height:600px\" aria-label=\"Embed of C1_i01-programme_formation_nouveautes2022-2023.\"><\/object><a href=\"http:\/\/www.dekaconsult.fr\/wp-content\/uploads\/2022\/11\/C1_i01-programme_formation_nouveautes2022-2023.pdf\">C1_i01-programme_formation_nouveautes2022-2023<\/a><a href=\"http:\/\/www.dekaconsult.fr\/wp-content\/uploads\/2022\/11\/C1_i01-programme_formation_nouveautes2022-2023.pdf\" class=\"wp-block-file__button\" download>T\u00e9l\u00e9charger<\/a><\/div>\n\n\n\n<h2>Formation Perfectionnement DSN<\/h2>\n\n\n\n<p>Quel que soit votre logiciel de paie, nous adaptons nos formations \u00e0 vos outils. Cette formation est destin\u00e9es aux Gestionnaires de paie les plus aguerrit. <\/p>\n\n\n\n<div class=\"wp-block-file\"><object class=\"wp-block-file__embed\" data=\"http:\/\/www.dekaconsult.fr\/wp-content\/uploads\/2022\/11\/C1_i01-programme_formation_perf_dsn.pdf\" type=\"application\/pdf\" style=\"width:100%;height:600px\" aria-label=\"Embed of C1_i01-programme_formation_perf_dsn.\"><\/object><a href=\"http:\/\/www.dekaconsult.fr\/wp-content\/uploads\/2022\/11\/C1_i01-programme_formation_perf_dsn.pdf\">C1_i01-programme_formation_perf_dsn<\/a><a href=\"http:\/\/www.dekaconsult.fr\/wp-content\/uploads\/2022\/11\/C1_i01-programme_formation_perf_dsn.pdf\" class=\"wp-block-file__button\" download>T\u00e9l\u00e9charger<\/a><\/div>\n\n\n\n<h2>Formation gestionnaire de paie initial avec SAGE production sociale<\/h2>\n\n\n\n<p>t\u00e9l\u00e9chargez le contenu du programme ci-dessous<\/p>\n\n\n\n<div class=\"wp-block-file\"><object class=\"wp-block-file__embed\" data=\"http:\/\/www.dekaconsult.fr\/wp-content\/uploads\/2023\/09\/C1_i01-programme_formation_gestionnaire_paie_initial_avec_sage_production_sociale-v2.pdf\" type=\"application\/pdf\" style=\"width:100%;height:600px\" aria-label=\"Contenu embarqu\u00e9 C1_i01-programme_formation_gestionnaire_paie_initial_avec_sage_production_sociale-v2.\"><\/object><a href=\"http:\/\/www.dekaconsult.fr\/wp-content\/uploads\/2023\/09\/C1_i01-programme_formation_gestionnaire_paie_initial_avec_sage_production_sociale-v2.pdf\">C1_i01-programme_formation_gestionnaire_paie_initial_avec_sage_production_sociale-v2<\/a><a href=\"http:\/\/www.dekaconsult.fr\/wp-content\/uploads\/2023\/09\/C1_i01-programme_formation_gestionnaire_paie_initial_avec_sage_production_sociale-v2.pdf\" class=\"wp-block-file__button\" download=\"\">T\u00e9l\u00e9charger<\/a><\/div>\n\n\n\n<h2>Formation Initiation \u00e0 la Paie<\/h2>\n\n\n\n<p><\/p>\n\n\n\n<div class=\"wp-block-file\"><object class=\"wp-block-file__embed\" data=\"http:\/\/www.dekaconsult.fr\/wp-content\/uploads\/2022\/05\/C1_i01-programme_formation_initiation_paie.pdf\" type=\"application\/pdf\" style=\"width:100%;height:600px\" aria-label=\"Contenu embarqu\u00e9 C1_i01-programme_formation_initiation_paie.\"><\/object><a href=\"http:\/\/www.dekaconsult.fr\/wp-content\/uploads\/2022\/05\/C1_i01-programme_formation_initiation_paie.pdf\">C1_i01-programme_formation_initiation_paie<\/a><a href=\"http:\/\/www.dekaconsult.fr\/wp-content\/uploads\/2022\/05\/C1_i01-programme_formation_initiation_paie.pdf\" class=\"wp-block-file__button\" download>T\u00e9l\u00e9charger<\/a><\/div>\n\n\n\n<h2>Formation Initiation \u00e0 la comptabilit\u00e9 pour les Gestionnaire de paie<\/h2>\n\n\n\n<div class=\"wp-block-file\"><object class=\"wp-block-file__embed\" data=\"http:\/\/www.dekaconsult.fr\/wp-content\/uploads\/2022\/05\/C1_i01-programme_formation_initiation_comptabilite_GP.pdf\" type=\"application\/pdf\" style=\"width:100%;height:600px\" aria-label=\"Contenu embarqu\u00e9 C1_i01-programme_formation_initiation_comptabilite_GP.\"><\/object><a href=\"http:\/\/www.dekaconsult.fr\/wp-content\/uploads\/2022\/05\/C1_i01-programme_formation_initiation_comptabilite_GP.pdf\">C1_i01-programme_formation_initiation_comptabilite_GP<\/a><a href=\"http:\/\/www.dekaconsult.fr\/wp-content\/uploads\/2022\/05\/C1_i01-programme_formation_initiation_comptabilite_GP.pdf\" class=\"wp-block-file__button\" download>T\u00e9l\u00e9charger<\/a><\/div>\n\n\n\n<p><\/p>\n\n\n\n<h2>Formation organisation de la migration vers SILAE Expert<\/h2>\n\n\n\n<p> t\u00e9l\u00e9chargez le contenu du programme ci-dessous<\/p>\n\n\n\n<div class=\"wp-block-file\"><object class=\"wp-block-file__embed\" data=\"http:\/\/www.dekaconsult.fr\/wp-content\/uploads\/2022\/02\/C1_i01-programme_formation_migration_silae-v2.pdf\" type=\"application\/pdf\" style=\"width:100%;height:600px\" aria-label=\"Contenu embarqu\u00e9 C1_i01 programme_formation_migration_silae v2.\"><\/object><a href=\"http:\/\/www.dekaconsult.fr\/wp-content\/uploads\/2022\/02\/C1_i01-programme_formation_migration_silae-v2.pdf\">C1_i01 programme_formation_migration_silae v2<\/a><a href=\"http:\/\/www.dekaconsult.fr\/wp-content\/uploads\/2022\/02\/C1_i01-programme_formation_migration_silae-v2.pdf\" class=\"wp-block-file__button\" download>T\u00e9l\u00e9charger<\/a><\/div>\n\n\n\n<h2>Formation Organisation de la migration et mission initiale paie avec SILAE<\/h2>\n\n\n\n<p>t\u00e9l\u00e9chargez le contenu du programme ci-dessous<\/p>\n\n\n\n<div class=\"wp-block-file\"><object class=\"wp-block-file__embed\" data=\"http:\/\/www.dekaconsult.fr\/wp-content\/uploads\/2022\/04\/C1_i01-programme_formation_migration-et-initial-paie-silae-v2.pdf\" type=\"application\/pdf\" style=\"width:100%;height:600px\" aria-label=\"Contenu embarqu\u00e9 C1_i01-programme_formation_migration-et-initial-paie-silae-v2.\"><\/object><a href=\"http:\/\/www.dekaconsult.fr\/wp-content\/uploads\/2022\/04\/C1_i01-programme_formation_migration-et-initial-paie-silae-v2.pdf\">C1_i01-programme_formation_migration-et-initial-paie-silae-v2<\/a><a href=\"http:\/\/www.dekaconsult.fr\/wp-content\/uploads\/2022\/04\/C1_i01-programme_formation_migration-et-initial-paie-silae-v2.pdf\" class=\"wp-block-file__button\" download>T\u00e9l\u00e9charger<\/a><\/div>\n\n\n\n<h2>Formation Mise en place de la paie collaborative avec SILAE<\/h2>\n\n\n\n<p> t\u00e9l\u00e9chargez le contenu du programme ci-dessous <\/p>\n\n\n\n<div class=\"wp-block-file\"><object class=\"wp-block-file__embed\" data=\"http:\/\/www.dekaconsult.fr\/wp-content\/uploads\/2022\/04\/C1_i01-programme_formation_silae-paie-collaborative.pdf\" type=\"application\/pdf\" style=\"width:100%;height:600px\" aria-label=\"Contenu embarqu\u00e9 C1_i01-programme_formation_silae-paie-collaborative.\"><\/object><a href=\"http:\/\/www.dekaconsult.fr\/wp-content\/uploads\/2022\/04\/C1_i01-programme_formation_silae-paie-collaborative.pdf\">C1_i01-programme_formation_silae-paie-collaborative<\/a><a href=\"http:\/\/www.dekaconsult.fr\/wp-content\/uploads\/2022\/04\/C1_i01-programme_formation_silae-paie-collaborative.pdf\" class=\"wp-block-file__button\" download>T\u00e9l\u00e9charger<\/a><\/div>\n\n\n\n<h2>Formation Perfectionnement paie avec l&#8217;outil Sage Production Sociale<\/h2>\n\n\n\n<div class=\"wp-block-file\"><object class=\"wp-block-file__embed\" data=\"http:\/\/www.dekaconsult.fr\/wp-content\/uploads\/2022\/05\/C1_i01-programme_formation_perf_paie_coala.pdf\" type=\"application\/pdf\" style=\"width:100%;height:600px\" aria-label=\"Contenu embarqu\u00e9 C1_i01-programme_formation_perf_paie_coala.\"><\/object><a href=\"http:\/\/www.dekaconsult.fr\/wp-content\/uploads\/2022\/05\/C1_i01-programme_formation_perf_paie_coala.pdf\">C1_i01-programme_formation_perf_paie_coala<\/a><a href=\"http:\/\/www.dekaconsult.fr\/wp-content\/uploads\/2022\/05\/C1_i01-programme_formation_perf_paie_coala.pdf\" class=\"wp-block-file__button\" download>T\u00e9l\u00e9charger<\/a><\/div>\n\n\n\n<h2>Formation Expertise et Audit de la Paie<\/h2>\n\n\n\n<div class=\"wp-block-file\"><object class=\"wp-block-file__embed\" data=\"http:\/\/www.dekaconsult.fr\/wp-content\/uploads\/2022\/05\/C1_i01-programme_formation_GP_expertise_paie.pdf\" type=\"application\/pdf\" style=\"width:100%;height:600px\" aria-label=\"Contenu embarqu\u00e9 C1_i01-programme_formation_GP_expertise_paie.\"><\/object><a href=\"http:\/\/www.dekaconsult.fr\/wp-content\/uploads\/2022\/05\/C1_i01-programme_formation_GP_expertise_paie.pdf\">C1_i01-programme_formation_GP_expertise_paie<\/a><a href=\"http:\/\/www.dekaconsult.fr\/wp-content\/uploads\/2022\/05\/C1_i01-programme_formation_GP_expertise_paie.pdf\" class=\"wp-block-file__button\" download>T\u00e9l\u00e9charger<\/a><\/div>\n\n\n\n<h2>F<strong>ormation Perfectionnement DSN (quelque soit le logiciel)<\/strong><\/h2>\n\n\n\n<ul><li><\/li><\/ul>\n\n\n\n<div class=\"wp-block-file\"><object class=\"wp-block-file__embed\" data=\"http:\/\/www.dekaconsult.fr\/wp-content\/uploads\/2023\/09\/C1_i01-programme_formation_perf_dsn-v202212.pdf\" type=\"application\/pdf\" style=\"width:100%;height:600px\" aria-label=\"Contenu embarqu\u00e9 C1_i01-programme_formation_perf_dsn-v202212.\"><\/object><a href=\"http:\/\/www.dekaconsult.fr\/wp-content\/uploads\/2023\/09\/C1_i01-programme_formation_perf_dsn-v202212.pdf\">C1_i01-programme_formation_perf_dsn-v202212<\/a><a href=\"http:\/\/www.dekaconsult.fr\/wp-content\/uploads\/2023\/09\/C1_i01-programme_formation_perf_dsn-v202212.pdf\" class=\"wp-block-file__button\" download>T\u00e9l\u00e9charger<\/a><\/div>\n","protected":false},"excerpt":{"rendered":"<p>Vous \u00eates un Cabinet d&#8217;expertise-comptable, une TPE ou une PME, nous proposons [&hellip;]<\/p>\n","protected":false},"author":1,"featured_media":0,"parent":0,"menu_order":0,"comment_status":"closed","ping_status":"closed","template":"","meta":[],"_links":{"self":[{"href":"https:\/\/www.dekaconsult.fr\/index.php\/wp-json\/wp\/v2\/pages\/41"}],"collection":[{"href":"https:\/\/www.dekaconsult.fr\/index.php\/wp-json\/wp\/v2\/pages"}],"about":[{"href":"https:\/\/www.dekaconsult.fr\/index.php\/wp-json\/wp\/v2\/types\/page"}],"author":[{"embeddable":true,"href":"https:\/\/www.dekaconsult.fr\/index.php\/wp-json\/wp\/v2\/users\/1"}],"replies":[{"embeddable":true,"href":"https:\/\/www.dekaconsult.fr\/index.php\/wp-json\/wp\/v2\/comments?post=41"}],"version-history":[{"count":21,"href":"https:\/\/www.dekaconsult.fr\/index.php\/wp-json\/wp\/v2\/pages\/41\/revisions"}],"predecessor-version":[{"id":180,"href":"https:\/\/www.dekaconsult.fr\/index.php\/wp-json\/wp\/v2\/pages\/41\/revisions\/180"}],"wp:attachment":[{"href":"https:\/\/www.dekaconsult.fr\/index.php\/wp-json\/wp\/v2\/media?parent=41"}],"curies":[{"name":"wp","href":"https:\/\/api.w.org\/{rel}","templated":true}]}}